{"id":11,"date":"2022-02-15T07:59:14","date_gmt":"2022-02-15T07:59:14","guid":{"rendered":"http:\/\/www.succanarias.com\/suc\/?page_id=11"},"modified":"2022-03-02T12:03:17","modified_gmt":"2022-03-02T12:03:17","slug":"quienes-somos","status":"publish","type":"page","link":"https:\/\/www.succanarias.com\/suc\/quienes-somos\/","title":{"rendered":"Qui\u00e9nes somos"},"content":{"rendered":"<p>[vc_row css_animation=\u00bb\u00bb row_type=\u00bbrow\u00bb use_row_as_full_screen_section=\u00bbno\u00bb type=\u00bbfull_width\u00bb angled_section=\u00bbno\u00bb text_align=\u00bbleft\u00bb background_image_as_pattern=\u00bbwithout_pattern\u00bb][vc_column width=\u00bb1\/6&#8243; css=\u00bb.vc_custom_1644927966956{background-image: url(https:\/\/www.succanarias.com\/suc\/wp-content\/uploads\/2022\/02\/Servicio-de-urgencias-canario.jpg?id=133) !important;background-position: center !important;background-repeat: no-repeat !important;background-size: cover !important;}\u00bb offset=\u00bbvc_hidden-xs\u00bb][vc_row_inner row_type=\u00bbrow\u00bb type=\u00bbfull_width\u00bb text_align=\u00bbleft\u00bb css_animation=\u00bb\u00bb][vc_column_inner offset=\u00bbvc_hidden-xs\u00bb][vc_empty_space height=\u00bb600px\u00bb][\/vc_column_inner][vc_column_inner offset=\u00bbvc_hidden-lg vc_hidden-md vc_hidden-sm\u00bb][vc_empty_space height=\u00bb400px\u00bb][\/vc_column_inner][\/vc_row_inner][\/vc_column][vc_column width=\u00bb2\/3&#8243;][vc_empty_space height=\u00bb100px\u00bb][vc_row_inner row_type=\u00bbrow\u00bb type=\u00bbfull_width\u00bb text_align=\u00bbleft\u00bb css_animation=\u00bb\u00bb][vc_column_inner width=\u00bb1\/12&#8243;][\/vc_column_inner][vc_column_inner el_class=\u00bbpadding\u00bb width=\u00bb5\/12&#8243;][vc_column_text]El Servicio de Urgencias Canario es un servicio p\u00fablico del Gobierno de Canarias que gestiona la empresa p\u00fablica Gesti\u00f3n de Servicios para la salud y Seguridad en Canarias <a href=\"https:\/\/www.gsccanarias.com\/\">GSC<\/a>. En alerta las 24 horas del d\u00eda durante todo el a\u00f1o, activa y moviliza de forma r\u00e1pida y eficaz los recursos terrestres y a\u00e9reos necesarios para atender las urgencias sanitarias extrahospitalarias que se produzcan en cualquier punto del Archipi\u00e9lago.<\/p>\n<p>Creado por el Gobierno de Canarias el 1 de diciembre de 1994, bajo el nombre Urgencias Sanitarias 061, esta red de transporte sanitario urgente ten\u00eda como funci\u00f3n principal la coordinaci\u00f3n y gesti\u00f3n de las asistencias sanitarias prehospitalarias en casos de urgencia y emergencia.[\/vc_column_text][\/vc_column_inner][vc_column_inner el_class=\u00bbpadding\u00bb width=\u00bb5\/12&#8243;][vc_column_text]En 1998 con la puesta en funcionamiento del 1-1-2, este servicio cambia su tel\u00e9fono de acceso, que hasta ese momento era el 061, y modifica tambi\u00e9n su denominaci\u00f3n por la de Servicio de Urgencias Canario (SUC).<\/p>\n<p>Desde el a\u00f1o 2000, el SUC tambi\u00e9n tiene encomendado los servicios de transporte sanitario no urgente (programado y diferido), mediante ambulancias de traslado individual y veh\u00edculos de transporte colectivo.[\/vc_column_text][vc_empty_space height=\u00bb30px\u00bb][\/vc_column_inner][vc_column_inner width=\u00bb1\/12&#8243;][\/vc_column_inner][\/vc_row_inner][vc_empty_space height=\u00bb70px\u00bb][\/vc_column][vc_column width=\u00bb1\/6&#8243;][\/vc_column][\/vc_row][vc_row css_animation=\u00bb\u00bb row_type=\u00bbrow\u00bb use_row_as_full_screen_section=\u00bbno\u00bb type=\u00bbfull_width\u00bb angled_section=\u00bbno\u00bb text_align=\u00bbleft\u00bb background_image_as_pattern=\u00bbwithout_pattern\u00bb css=\u00bb.vc_custom_1644918708798{background-color: #ffffff !important;}\u00bb z_index=\u00bb\u00bb][vc_column width=\u00bb1\/6&#8243; css=\u00bb.vc_custom_1644924128666{background-image: url(https:\/\/www.succanarias.com\/suc\/wp-content\/uploads\/2022\/02\/Servicios.jpg?id=131) !important;background-position: center !important;background-repeat: no-repeat !important;background-size: cover !important;}\u00bb][vc_row_inner row_type=\u00bbrow\u00bb type=\u00bbfull_width\u00bb text_align=\u00bbleft\u00bb css_animation=\u00bb\u00bb][vc_column_inner offset=\u00bbvc_hidden-xs\u00bb][vc_empty_space height=\u00bb580px\u00bb][\/vc_column_inner][vc_column_inner offset=\u00bbvc_hidden-lg vc_hidden-md vc_hidden-sm\u00bb][vc_empty_space height=\u00bb400px\u00bb][\/vc_column_inner][\/vc_row_inner][\/vc_column][vc_column width=\u00bb2\/3&#8243;][vc_empty_space height=\u00bb100px\u00bb][vc_row_inner row_type=\u00bbrow\u00bb type=\u00bbfull_width\u00bb text_align=\u00bbleft\u00bb css_animation=\u00bb\u00bb][vc_column_inner width=\u00bb1\/12&#8243;][\/vc_column_inner][vc_column_inner el_class=\u00bbpadding\u00bb width=\u00bb10\/12&#8243;][vc_column_text]<\/p>\n<h2>Entre la cartera de servicios se encuentran:<\/h2>\n<p>[\/vc_column_text][vc_empty_space height=\u00bb10px\u00bb][vc_column_text]- Coordinaci\u00f3n sanitaria<\/p>\n<p>&#8211; Consultor\u00eda m\u00e9dica<\/p>\n<p>&#8211; Urgencias extrahospitalarias<\/p>\n<p>&#8211; Transporte urgente entre centros sanitarios<\/p>\n<p>&#8211; Transporte sanitario no urgente programado<\/p>\n<p>&#8211; Cobertura de actos multitudinarios a trav\u00e9s de dispositivos especiales o preventivos.<\/p>\n<p>&#8211; Realizaci\u00f3n de simulacros.<\/p>\n<p>&#8211; Divulgaci\u00f3n de conocimientos en el \u00e1mbito sanitario a trav\u00e9s de la participaci\u00f3n en congresos cient\u00edficos y jornadas formativas, entre otros.[\/vc_column_text][vc_empty_space height=\u00bb30px\u00bb]<a  itemprop=\"url\" href=\"https:\/\/www.gobiernodecanarias.org\/administracionespublicas\/innovacioncalidad\/cartas\/suc\/\" target=\"_blank\"  class=\"qbutton  default\" style=\"\">Carta de servicios<i class=\"qode_icon_font_awesome fa fa-link qode_button_icon_element\" style=\"\" ><\/i><\/a>[\/vc_column_inner][vc_column_inner el_class=\u00bbpadding\u00bb width=\u00bb1\/12&#8243;][vc_empty_space height=\u00bb30px\u00bb][\/vc_column_inner][\/vc_row_inner][vc_empty_space height=\u00bb70px\u00bb][\/vc_column][vc_column width=\u00bb1\/6&#8243;][\/vc_column][\/vc_row]<\/p>\n<div class=\"print\"><span class=\"page_title\">P\u00e1gina: <span>Qui\u00e9nes somos<\/span><\/span>\n\t\t\t\t\t\t\t\t\t\t\t<span class=\"stmp_trans_date\">\u00daltima actualizaci\u00f3n: <span>02\/03\/2022 - 12:03:17<\/span><\/span>\n\t\t\t\t\t\t\t\t\t\t\t<span class=\"stmp_trans_date\">Fecha publicaci\u00f3n: <span>15\/02\/2022 - 07:59:14<\/span><\/span>\n\t\t\t\t\t\t\t\t\t\t\t<span class=\"stmp_trans_date\">Fecha creaci\u00f3n: <span>15\/02\/2022 - 07:59:14<\/span><\/span><\/div>","protected":false},"excerpt":{"rendered":"<p>[vc_row css_animation=\u00bb\u00bb row_type=\u00bbrow\u00bb use_row_as_full_screen_section=\u00bbno\u00bb type=\u00bbfull_width\u00bb angled_section=\u00bbno\u00bb text_align=\u00bbleft\u00bb background_image_as_pattern=\u00bbwithout_pattern\u00bb][vc_column width=\u00bb1\/6&#8243; css=\u00bb.vc_custom_1644927966956{background-image: url(https:\/\/www.succanarias.com\/suc\/wp-content\/uploads\/2022\/02\/Servicio-de-urgencias-canario.jpg?id=133) !important;background-position: center !important;background-repeat: no-repeat !important;background-size: cover !important;}\u00bb offset=\u00bbvc_hidden-xs\u00bb][vc_row_inner row_type=\u00bbrow\u00bb type=\u00bbfull_width\u00bb text_align=\u00bbleft\u00bb css_animation=\u00bb\u00bb][vc_column_inner offset=\u00bbvc_hidden-xs\u00bb][vc_empty_space height=\u00bb600px\u00bb][\/vc_column_inner][vc_column_inner offset=\u00bbvc_hidden-lg vc_hidden-md vc_hidden-sm\u00bb][vc_empty_space height=\u00bb400px\u00bb][\/vc_column_inner][\/vc_row_inner][\/vc_column][vc_column width=\u00bb2\/3&#8243;][vc_empty_space height=\u00bb100px\u00bb][vc_row_inner row_type=\u00bbrow\u00bb type=\u00bbfull_width\u00bb text_align=\u00bbleft\u00bb css_animation=\u00bb\u00bb][vc_column_inner width=\u00bb1\/12&#8243;][\/vc_column_inner][vc_column_inner el_class=\u00bbpadding\u00bb width=\u00bb5\/12&#8243;][vc_column_text]El Servicio de Urgencias Canario es un servicio&#8230;<\/p>\n","protected":false},"author":1,"featured_media":0,"parent":0,"menu_order":0,"comment_status":"closed","ping_status":"closed","template":"full_width.php","meta":{"footnotes":""},"class_list":["post-11","page","type-page","status-publish","has-post-thumbnail","hentry"],"_links":{"self":[{"href":"https:\/\/www.succanarias.com\/suc\/wp-json\/wp\/v2\/pages\/11","targetHints":{"allow":["GET"]}}],"collection":[{"href":"https:\/\/www.succanarias.com\/suc\/wp-json\/wp\/v2\/pages"}],"about":[{"href":"https:\/\/www.succanarias.com\/suc\/wp-json\/wp\/v2\/types\/page"}],"author":[{"embeddable":true,"href":"https:\/\/www.succanarias.com\/suc\/wp-json\/wp\/v2\/users\/1"}],"replies":[{"embeddable":true,"href":"https:\/\/www.succanarias.com\/suc\/wp-json\/wp\/v2\/comments?post=11"}],"version-history":[{"count":19,"href":"https:\/\/www.succanarias.com\/suc\/wp-json\/wp\/v2\/pages\/11\/revisions"}],"predecessor-version":[{"id":255,"href":"https:\/\/www.succanarias.com\/suc\/wp-json\/wp\/v2\/pages\/11\/revisions\/255"}],"wp:attachment":[{"href":"https:\/\/www.succanarias.com\/suc\/wp-json\/wp\/v2\/media?parent=11"}],"curies":[{"name":"wp","href":"https:\/\/api.w.org\/{rel}","templated":true}]}}