{"id":15,"date":"2022-02-15T07:59:42","date_gmt":"2022-02-15T07:59:42","guid":{"rendered":"http:\/\/www.succanarias.com\/suc\/?page_id=15"},"modified":"2022-05-09T06:45:03","modified_gmt":"2022-05-09T06:45:03","slug":"transporte-sanitario-no-urgente","status":"publish","type":"page","link":"https:\/\/www.succanarias.com\/suc\/transporte-sanitario-no-urgente\/","title":{"rendered":"Transporte sanitario no urgente"},"content":{"rendered":"<p>[vc_row css_animation=\u00bb\u00bb row_type=\u00bbrow\u00bb use_row_as_full_screen_section=\u00bbno\u00bb type=\u00bbfull_width\u00bb angled_section=\u00bbno\u00bb text_align=\u00bbleft\u00bb background_image_as_pattern=\u00bbwithout_pattern\u00bb z_index=\u00bb\u00bb][vc_column width=\u00bb1\/6&#8243; css=\u00bb.vc_custom_1644928057796{background-image: url(https:\/\/www.succanarias.com\/suc\/wp-content\/uploads\/2022\/02\/RecursosTSNU.jpg?id=95) !important;background-position: center !important;background-repeat: no-repeat !important;background-size: cover !important;}\u00bb offset=\u00bbvc_hidden-xs\u00bb][vc_row_inner row_type=\u00bbrow\u00bb type=\u00bbfull_width\u00bb text_align=\u00bbleft\u00bb css_animation=\u00bb\u00bb][vc_column_inner offset=\u00bbvc_hidden-xs\u00bb][vc_empty_space height=\u00bb1050px\u00bb][\/vc_column_inner][vc_column_inner offset=\u00bbvc_hidden-lg vc_hidden-md vc_hidden-sm\u00bb][vc_empty_space height=\u00bb400px\u00bb][\/vc_column_inner][\/vc_row_inner][\/vc_column][vc_column width=\u00bb2\/3&#8243;][vc_empty_space height=\u00bb100px\u00bb][vc_row_inner row_type=\u00bbrow\u00bb type=\u00bbfull_width\u00bb text_align=\u00bbleft\u00bb css_animation=\u00bb\u00bb][vc_column_inner width=\u00bb1\/12&#8243;][\/vc_column_inner][vc_column_inner el_class=\u00bbpadding\u00bb width=\u00bb5\/6&#8243; offset=\u00bbvc_col-lg-5&#8243;][vc_column_text]<\/p>\n<h2>Funcionamiento<\/h2>\n<p>[\/vc_column_text][vc_empty_space height=\u00bb10px\u00bb][\/vc_column_inner][vc_column_inner el_class=\u00bbpadding\u00bb width=\u00bb5\/12&#8243;][\/vc_column_inner][vc_column_inner width=\u00bb1\/12&#8243;][\/vc_column_inner][\/vc_row_inner][vc_row_inner row_type=\u00bbrow\u00bb type=\u00bbfull_width\u00bb text_align=\u00bbleft\u00bb css_animation=\u00bb\u00bb][vc_column_inner width=\u00bb1\/12&#8243;][\/vc_column_inner][vc_column_inner el_class=\u00bbpadding\u00bb width=\u00bb10\/12&#8243;][vc_column_text]La Instrucci\u00f3n 7\/98 del director del Servicio Canario de la Salud establece la ordenaci\u00f3n de la prestaci\u00f3n del Transporte Sanitario Terrestre a pacientes beneficiarios del servicio canario.<\/p>\n<p>En el a\u00f1o 2002, el Servicio de Urgencias Canario (SUC) puso marcha la denominada Mesa de Transporte Sanitario, creada para la gesti\u00f3n directa y optimizaci\u00f3n del transporte sanitario no urgente (programada y diferido).<\/p>\n<p>El Transporte Sanitario no Urgente (TSNU) comprende aquellos servicios de traslado de pacientes solicitados tras la valoraci\u00f3n por un facultativo del Servicio Canario de Salud (SCS) que, debido a la situaci\u00f3n cl\u00ednica o a la imposibilidad f\u00edsica de los mismos, no puedan hacer uso de medios ordinarios de transporte. Adem\u00e1s, sus circunstancias no deben prever la necesidad de asistencia sanitaria en el trayecto, bien para acceder a los centros del sistema sanitario del SCS (o concertados) o para regresar a su domicilio tras recibir asistencia sanitaria. El criterio de indicaci\u00f3n del traslado se debe ajustar a razones de \u00edndole exclusivamente sanitaria.[\/vc_column_text][vc_column_text]La Mesa de Transporte es una unidad de coordinaci\u00f3n a la que se le ha encomendado la gesti\u00f3n, control y optimizaci\u00f3n de las solicitudes de transporte sanitario no urgente en la CCAA., encargada de la gesti\u00f3n y el control de los recursos, as\u00ed como del engranaje de los diferentes elementos que intervienen en el TSNU, como son las empresas prestatarias, los usuarios y los centros sanitarios, ya que de todos depende el buen funcionamiento del mismo.<\/p>\n<p>Corresponde al Transporte Sanitario no Urgente el traslado de los pacientes a diferentes servicios o centros, ya sea para la realizaci\u00f3n de pruebas diagn\u00f3sticas o para recibir tratamiento, as\u00ed como su regreso a domicilio. Las causas de los traslados son: consultas, alta en urgencias, alta en planta, rehabilitaci\u00f3n, hemodi\u00e1lisis, quimioterapia, radioterapia, hospital de d\u00eda, curas, pruebas diagn\u00f3sticas, valoraci\u00f3n en urgencias, intercentros, ingresos, entre otros.[\/vc_column_text][\/vc_column_inner][vc_column_inner el_class=\u00bbpadding\u00bb width=\u00bb1\/12&#8243;][\/vc_column_inner][\/vc_row_inner][vc_empty_space height=\u00bb40px\u00bb][vc_row_inner row_type=\u00bbrow\u00bb type=\u00bbfull_width\u00bb text_align=\u00bbleft\u00bb css_animation=\u00bb\u00bb][vc_column_inner width=\u00bb1\/12&#8243;][\/vc_column_inner][vc_column_inner el_class=\u00bbpadding\u00bb width=\u00bb10\/12&#8243;][vc_column_text]<\/p>\n<h2>El TSNU engloba dos modalidades:<\/h2>\n<p>[\/vc_column_text][vc_empty_space height=\u00bb10px\u00bb]<div class=\"qode-accordion-holder clearfix qode-toggle qode-initial \">\n\t<h4 class=\"clearfix qode-title-holder\">\n<span class=\"qode-tab-title\">\n\t    <span class=\"qode-tab-title-inner\">\n        Transporte diferido    <\/span>\n<\/span>\n<span class=\"qode-accordion-mark\">\n    <span class=\"qode-accordion-mark-icon\">\n        <span class=\"icon_plus\"><\/span>\n        <span class=\"icon_minus-06\"><\/span>\n    <\/span>\n<\/span>\n<\/h4>\n<div  class=\"qode-accordion-content \" >\n    <div class=\"qode-accordion-content-inner\">\n        [vc_column_text]Aquel servicio que se comunica para su realizaci\u00f3n a las empresas prestatarias sin antelaci\u00f3n y que cuentan con un margen de espera de 30 a 180 minutos, ampliables para aquellas altas no prioritarias.[\/vc_column_text]    <\/div>\n<\/div><h4 class=\"clearfix qode-title-holder\">\n<span class=\"qode-tab-title\">\n\t    <span class=\"qode-tab-title-inner\">\n        Transporte programado    <\/span>\n<\/span>\n<span class=\"qode-accordion-mark\">\n    <span class=\"qode-accordion-mark-icon\">\n        <span class=\"icon_plus\"><\/span>\n        <span class=\"icon_minus-06\"><\/span>\n    <\/span>\n<\/span>\n<\/h4>\n<div  class=\"qode-accordion-content \" >\n    <div class=\"qode-accordion-content-inner\">\n        [vc_column_text]El que se solicita con al menos 12 horas de antelaci\u00f3n a las empresas prestatarias para su realizaci\u00f3n. Puede ser puntual (traslado para consultas) o prolongado (rehabilitaci\u00f3n, hemodi\u00e1lisis&#8230;).<\/p>\n<p>Cuando se recibe la solicitud del centro sanitario, la Mesa de Transporte inicia las gestiones para asignar la plaza al paciente en el recurso determinado (camilla, colectivo con o sin camillero, con silla de ruedas\u2026), en funci\u00f3n de la ruta (origen-destino), los d\u00edas (secuencia diaria o d\u00edas alternos) y el horario se\u00f1alado por el centro.<\/p>\n<p>Las peticiones se env\u00edan desde el centro y \u00e9stas dependen de la ocupaci\u00f3n existente de plazas. En ocasiones, posibles demoras dependen de la asignaci\u00f3n del servicio porque los recursos que hacen esa ruta esos d\u00edas est\u00e1n completos. En estos casos la Mesa de Transporte verifica si hay alg\u00fan paciente pr\u00f3ximo a causar \u201calta\u201d en el servicio (y dejar as\u00ed la plaza libre); en caso contrario, traslada propuestas al centro sanitario para buscar alternativas y que el paciente pueda tener transporte para iniciar el tratamiento lo antes posible, tales como, por ejemplo, modificar el horario de la sesi\u00f3n en funci\u00f3n de las plazas vacantes, siempre bajo criterio m\u00e9dico. En este sentido la flexibilidad de los centros para aceptar estas propuestas es un factor importante para agilizar la adjudicaci\u00f3n de plazas y acelerar el comienzo del tratamiento.[\/vc_column_text]    <\/div>\n<\/div><\/div>[\/vc_column_inner][vc_column_inner el_class=\u00bbpadding\u00bb width=\u00bb1\/12&#8243;][vc_empty_space height=\u00bb30px\u00bb][\/vc_column_inner][\/vc_row_inner][vc_empty_space height=\u00bb70px\u00bb][\/vc_column][vc_column width=\u00bb1\/6&#8243;][\/vc_column][\/vc_row][vc_row css_animation=\u00bb\u00bb row_type=\u00bbrow\u00bb use_row_as_full_screen_section=\u00bbno\u00bb type=\u00bbfull_width\u00bb angled_section=\u00bbno\u00bb text_align=\u00bbleft\u00bb background_image_as_pattern=\u00bbwithout_pattern\u00bb css=\u00bb.vc_custom_1644920591224{background-color: #ffffff !important;}\u00bb z_index=\u00bb\u00bb][vc_column width=\u00bb1\/6&#8243;][\/vc_column][vc_column width=\u00bb2\/3&#8243;][vc_empty_space height=\u00bb100px\u00bb][vc_row_inner row_type=\u00bbrow\u00bb type=\u00bbfull_width\u00bb text_align=\u00bbleft\u00bb css_animation=\u00bb\u00bb][vc_column_inner width=\u00bb1\/12&#8243;][\/vc_column_inner][vc_column_inner el_class=\u00bbpadding\u00bb width=\u00bb10\/12&#8243;][vc_column_text]<\/p>\n<h2>Equipo Humano<\/h2>\n<p>[\/vc_column_text][vc_empty_space height=\u00bb10px\u00bb][\/vc_column_inner][vc_column_inner el_class=\u00bbpadding\u00bb width=\u00bb1\/12&#8243;][\/vc_column_inner][\/vc_row_inner][vc_row_inner row_type=\u00bbrow\u00bb type=\u00bbfull_width\u00bb text_align=\u00bbleft\u00bb css_animation=\u00bb\u00bb][vc_column_inner width=\u00bb1\/12&#8243;][\/vc_column_inner][vc_column_inner el_class=\u00bbpadding\u00bb width=\u00bb10\/12&#8243;][vc_column_text]La Mesa de Transporte est\u00e1 coordinada por m\u00e9dicos del SUC y cuenta con gestores y supervisores para adaptar la demanda de los pacientes a las rutas y los recursos disponibles.<\/p>\n<p>Las ambulancias se distribuyen por todas las islas, con profesionales que disponen de la titulaci\u00f3n de T\u00e9cnicos de Emergencias Sanitarias (TES).[\/vc_column_text][\/vc_column_inner][vc_column_inner el_class=\u00bbpadding\u00bb width=\u00bb1\/12&#8243;][vc_empty_space height=\u00bb30px\u00bb][\/vc_column_inner][\/vc_row_inner][vc_empty_space height=\u00bb70px\u00bb][\/vc_column][vc_column width=\u00bb1\/6&#8243; css=\u00bb.vc_custom_1644921863374{background-image: url(https:\/\/www.succanarias.com\/suc\/wp-content\/uploads\/2022\/02\/EquipoHumano.jpg?id=100) !important;background-position: center !important;background-repeat: no-repeat !important;background-size: cover !important;}\u00bb][vc_row_inner row_type=\u00bbrow\u00bb type=\u00bbfull_width\u00bb text_align=\u00bbleft\u00bb css_animation=\u00bb\u00bb][vc_column_inner offset=\u00bbvc_hidden-xs\u00bb][vc_empty_space height=\u00bb350px\u00bb][\/vc_column_inner][vc_column_inner offset=\u00bbvc_hidden-lg vc_hidden-md vc_hidden-sm\u00bb][vc_empty_space height=\u00bb400px\u00bb][\/vc_column_inner][\/vc_row_inner][\/vc_column][\/vc_row][vc_row css_animation=\u00bb\u00bb row_type=\u00bbrow\u00bb use_row_as_full_screen_section=\u00bbno\u00bb type=\u00bbfull_width\u00bb angled_section=\u00bbno\u00bb text_align=\u00bbleft\u00bb background_image_as_pattern=\u00bbwithout_pattern\u00bb z_index=\u00bb\u00bb][vc_column width=\u00bb1\/6&#8243; css=\u00bb.vc_custom_1644928077862{background-image: url(https:\/\/www.succanarias.com\/suc\/wp-content\/uploads\/2022\/02\/Recursos.jpg?id=102) !important;background-position: center !important;background-repeat: no-repeat !important;background-size: cover !important;}\u00bb offset=\u00bbvc_hidden-xs\u00bb][vc_row_inner row_type=\u00bbrow\u00bb type=\u00bbfull_width\u00bb text_align=\u00bbleft\u00bb css_animation=\u00bb\u00bb][vc_column_inner offset=\u00bbvc_hidden-xs\u00bb][vc_empty_space height=\u00bb680px\u00bb][\/vc_column_inner][vc_column_inner offset=\u00bbvc_hidden-lg vc_hidden-md vc_hidden-sm\u00bb][vc_empty_space height=\u00bb400px\u00bb][\/vc_column_inner][\/vc_row_inner][\/vc_column][vc_column width=\u00bb2\/3&#8243;][vc_empty_space height=\u00bb100px\u00bb][vc_row_inner row_type=\u00bbrow\u00bb type=\u00bbfull_width\u00bb text_align=\u00bbleft\u00bb css_animation=\u00bb\u00bb][vc_column_inner width=\u00bb1\/12&#8243;][\/vc_column_inner][vc_column_inner el_class=\u00bbpadding\u00bb width=\u00bb10\/12&#8243;][vc_column_text]<\/p>\n<h2>Recursos<\/h2>\n<p>[\/vc_column_text][vc_empty_space height=\u00bb10px\u00bb][vc_column_text]Para gestionar estos servicios, la MTSNU cuenta con una flota de 258 recursos distribuidos por todo el Archipi\u00e9lago que se hace cargo de los traslados solicitados por los facultativos del Servicio Canario de Salud (SCS), una vez valorada la situaci\u00f3n cl\u00ednica o a la imposibilidad f\u00edsica del paciente para hacer uso de medios ordinarios de transporte, seg\u00fan los criterios establecidos en la Instrucci\u00f3n 7\/98 del Servicio Canario de la Salud. Estos recursos se coordinan de forma independiente a las urgencias o emergencias, que se solicitan directamente al Servicio de Urgencias Canario (SUC) mediante una llamada al 1-1-2.<\/p>\n<p>La nueva flota de ambulancias del TSNU cuenta con desfibriladores en todos los veh\u00edculos lo que permitir\u00e1 dar una r\u00e1pida respuesta a un paciente que pueda entrar en parada cardiorrespiratoria mientras se realiza el servicio.<\/p>\n<p>Los veh\u00edculos de tipo colectivo disponen de asientos abatibles intercambiables por sillas de rueda, sillas de traslado tipo oruga para mejorar las transferencias y tomas de corriente de 220W para los pacientes portadores de equipamiento m\u00e9dico. Adem\u00e1s, se han incorporado a la flota ambulancias bari\u00e1tricas especialmente adaptadas para el traslado de pacientes con sobrepeso.<\/p>\n<p>Asimismo, el TSNU contar\u00e1 con un aplicativo que permite mejorar la coordinaci\u00f3n y la gesti\u00f3n de la flota, ya que a trav\u00e9s del mismo se controla la disponibilidad de los recursos y sus plazas, as\u00ed como el dise\u00f1o de las rutas para acortar el tiempo de los trayectos. Entre otras mejoras, el el usuario tendr\u00e1 acceso a una aplicaci\u00f3n de telefon\u00eda m\u00f3vil con un sistema de mensajer\u00eda gratuito que le comunicar\u00e1 su hora de recogida.[\/vc_column_text][\/vc_column_inner][vc_column_inner el_class=\u00bbpadding\u00bb width=\u00bb1\/12&#8243;][vc_empty_space height=\u00bb30px\u00bb][\/vc_column_inner][\/vc_row_inner][vc_empty_space height=\u00bb70px\u00bb][\/vc_column][vc_column width=\u00bb1\/6&#8243;][\/vc_column][\/vc_row][vc_row css_animation=\u00bb\u00bb row_type=\u00bbrow\u00bb use_row_as_full_screen_section=\u00bbno\u00bb type=\u00bbgrid\u00bb angled_section=\u00bbno\u00bb text_align=\u00bbleft\u00bb background_image_as_pattern=\u00bbwithout_pattern\u00bb z_index=\u00bb\u00bb css=\u00bb.vc_custom_1645791990060{background-color: #ffffff !important;}\u00bb][vc_column][vc_empty_space height=\u00bb70px\u00bb][vc_row_inner row_type=\u00bbrow\u00bb type=\u00bbfull_width\u00bb text_align=\u00bbleft\u00bb css_animation=\u00bb\u00bb][vc_column_inner width=\u00bb1\/6&#8243;][\/vc_column_inner][vc_column_inner width=\u00bb2\/3&#8243;][vc_column_text]<div id=\"mapsvg-3\" class=\"mapsvg\"><\/div>[\/vc_column_text][vc_empty_space height=\u00bb30px\u00bb][vc_column_text]<b>TSNU: <\/b>Transporte sanitario no urgente<b>[\/vc_column_text][\/vc_column_inner][vc_column_inner width=\u00bb1\/6&#8243;][\/vc_column_inner][\/vc_row_inner][vc_empty_space height=\u00bb70px\u00bb][\/vc_column][\/vc_row]<\/b><\/p>\n<div class=\"print\"><span class=\"page_title\">P\u00e1gina: <span>Transporte sanitario no urgente<\/span><\/span>\n\t\t\t\t\t\t\t\t\t\t\t<span class=\"stmp_trans_date\">\u00daltima actualizaci\u00f3n: <span>09\/05\/2022 - 06:45:03<\/span><\/span>\n\t\t\t\t\t\t\t\t\t\t\t<span class=\"stmp_trans_date\">Fecha publicaci\u00f3n: <span>15\/02\/2022 - 07:59:42<\/span><\/span>\n\t\t\t\t\t\t\t\t\t\t\t<span class=\"stmp_trans_date\">Fecha creaci\u00f3n: <span>15\/02\/2022 - 07:59:42<\/span><\/span><\/div>","protected":false},"excerpt":{"rendered":"<p>[vc_row css_animation=\u00bb\u00bb row_type=\u00bbrow\u00bb use_row_as_full_screen_section=\u00bbno\u00bb type=\u00bbfull_width\u00bb angled_section=\u00bbno\u00bb text_align=\u00bbleft\u00bb background_image_as_pattern=\u00bbwithout_pattern\u00bb z_index=\u00bb\u00bb][vc_column width=\u00bb1\/6&#8243; css=\u00bb.vc_custom_1644928057796{background-image: url(https:\/\/www.succanarias.com\/suc\/wp-content\/uploads\/2022\/02\/RecursosTSNU.jpg?id=95) !important;background-position: center !important;background-repeat: no-repeat !important;background-size: cover !important;}\u00bb offset=\u00bbvc_hidden-xs\u00bb][vc_row_inner row_type=\u00bbrow\u00bb type=\u00bbfull_width\u00bb text_align=\u00bbleft\u00bb css_animation=\u00bb\u00bb][vc_column_inner offset=\u00bbvc_hidden-xs\u00bb][vc_empty_space height=\u00bb1050px\u00bb][\/vc_column_inner][vc_column_inner offset=\u00bbvc_hidden-lg vc_hidden-md vc_hidden-sm\u00bb][vc_empty_space height=\u00bb400px\u00bb][\/vc_column_inner][\/vc_row_inner][\/vc_column][vc_column width=\u00bb2\/3&#8243;][vc_empty_space height=\u00bb100px\u00bb][vc_row_inner row_type=\u00bbrow\u00bb type=\u00bbfull_width\u00bb text_align=\u00bbleft\u00bb css_animation=\u00bb\u00bb][vc_column_inner width=\u00bb1\/12&#8243;][\/vc_column_inner][vc_column_inner el_class=\u00bbpadding\u00bb width=\u00bb5\/6&#8243; offset=\u00bbvc_col-lg-5&#8243;][vc_column_text] Funcionamiento [\/vc_column_text][vc_empty_space height=\u00bb10px\u00bb][\/vc_column_inner][vc_column_inner el_class=\u00bbpadding\u00bb width=\u00bb5\/12&#8243;][\/vc_column_inner][vc_column_inner&#8230;<\/p>\n","protected":false},"author":1,"featured_media":0,"parent":0,"menu_order":0,"comment_status":"closed","ping_status":"closed","template":"full_width.php","meta":{"footnotes":""},"class_list":["post-15","page","type-page","status-publish","has-post-thumbnail","hentry"],"_links":{"self":[{"href":"https:\/\/www.succanarias.com\/suc\/wp-json\/wp\/v2\/pages\/15","targetHints":{"allow":["GET"]}}],"collection":[{"href":"https:\/\/www.succanarias.com\/suc\/wp-json\/wp\/v2\/pages"}],"about":[{"href":"https:\/\/www.succanarias.com\/suc\/wp-json\/wp\/v2\/types\/page"}],"author":[{"embeddable":true,"href":"https:\/\/www.succanarias.com\/suc\/wp-json\/wp\/v2\/users\/1"}],"replies":[{"embeddable":true,"href":"https:\/\/www.succanarias.com\/suc\/wp-json\/wp\/v2\/comments?post=15"}],"version-history":[{"count":32,"href":"https:\/\/www.succanarias.com\/suc\/wp-json\/wp\/v2\/pages\/15\/revisions"}],"predecessor-version":[{"id":92,"href":"https:\/\/www.succanarias.com\/suc\/wp-json\/wp\/v2\/pages\/15\/revisions\/92"}],"wp:attachment":[{"href":"https:\/\/www.succanarias.com\/suc\/wp-json\/wp\/v2\/media?parent=15"}],"curies":[{"name":"wp","href":"https:\/\/api.w.org\/{rel}","templated":true}]}}