{"id":183,"date":"2022-02-15T12:03:32","date_gmt":"2022-02-15T12:03:32","guid":{"rendered":"http:\/\/www.succanarias.com\/suc\/?page_id=183"},"modified":"2022-07-25T10:57:28","modified_gmt":"2022-07-25T10:57:28","slug":"politica-de-privacidad","status":"publish","type":"page","link":"https:\/\/www.succanarias.com\/suc\/politica-de-privacidad\/","title":{"rendered":"Pol\u00edtica de privacidad"},"content":{"rendered":"<p>[vc_row css_animation=\u00bb\u00bb row_type=\u00bbrow\u00bb use_row_as_full_screen_section=\u00bbno\u00bb type=\u00bbfull_width\u00bb angled_section=\u00bbno\u00bb text_align=\u00bbleft\u00bb background_image_as_pattern=\u00bbwithout_pattern\u00bb][vc_column][vc_empty_space height=\u00bb100px\u00bb][\/vc_column][\/vc_row][vc_row css_animation=\u00bb\u00bb row_type=\u00bbrow\u00bb use_row_as_full_screen_section=\u00bbno\u00bb type=\u00bbfull_width\u00bb angled_section=\u00bbno\u00bb text_align=\u00bbleft\u00bb background_image_as_pattern=\u00bbwithout_pattern\u00bb][vc_column][vc_column_text]<\/p>\n<h3 style=\"font-weight: 400;\"><strong>INFORMACI\u00d3N B\u00c1SICA DE PROTECCI\u00d3N DE DATOS<\/strong><\/h3>\n<p>&nbsp;<\/p>\n<table>\n<tbody>\n<tr>\n<td style=\"text-align: left;\" width=\"142\"><strong>Responsable<\/strong><\/td>\n<td style=\"text-align: left;\" width=\"387\">GESTION DE SERVICIOS PARA LA SALUD Y SEGURIDAD EN CANARIAS S.A.\u00a0\u00a0+ info<\/td>\n<\/tr>\n<tr>\n<td style=\"text-align: left;\" width=\"142\"><strong>Finalidad<\/strong><\/td>\n<td style=\"text-align: left;\" width=\"387\">Atender las solicitudes realizadas a trav\u00e9s de la web, gestionar el env\u00edo de informaci\u00f3n, registrarse como usuario +\u00a0info<\/td>\n<\/tr>\n<tr>\n<td style=\"text-align: left;\" width=\"142\"><strong>Legitimaci\u00f3n<\/strong><\/td>\n<td style=\"text-align: left;\" width=\"387\">Consentimiento del interesado y ejecuci\u00f3n de un precontrato\/ contrato + info<\/td>\n<\/tr>\n<tr>\n<td style=\"text-align: left;\" width=\"142\"><strong>Destinatarios<\/strong><\/td>\n<td style=\"text-align: left;\" width=\"387\">No se ceder\u00e1n datos a terceros salvo obligaci\u00f3n legal o en el supuesto que sea necesario para atender su solicitud + info<\/td>\n<\/tr>\n<tr>\n<td style=\"text-align: left;\" width=\"142\"><strong>Derechos<\/strong><\/td>\n<td style=\"text-align: left;\" width=\"387\">Podr\u00e1 ejercer los derechos de acceso, rectificaci\u00f3n, supresi\u00f3n y oposici\u00f3n, limitaci\u00f3n del tratamiento, portabilidad de datos y a no ser objeto de decisiones individualizadas automatizadas.\u00a0\u00a0+ info<\/td>\n<\/tr>\n<tr>\n<td style=\"text-align: left;\" width=\"142\"><strong>Informaci\u00f3n adicional<\/strong><\/td>\n<td style=\"text-align: left;\" width=\"387\">Puede consultar la informaci\u00f3n adicional sobre protecci\u00f3n de Datos en nuestra web. + info<\/td>\n<\/tr>\n<\/tbody>\n<\/table>\n<p style=\"font-weight: 400;\"><strong>\u00a0<\/strong><\/p>\n<p style=\"font-weight: 400;\">GESTION DE SERVICIOS PARA LA SALUD Y SEGURIDAD EN CANARIAS S.A., en adelante GSC, se compromete a cumplir la legislaci\u00f3n vigente en cada momento en materia de tratamiento de datos de car\u00e1cter personal. Mediante la siguiente pol\u00edtica de privacidad de conformidad con los requisitos previstos en el RGPD informa a los usuarios de:<\/p>\n<p>&nbsp;<\/p>\n<h3>1.\u00a0\u00a0\u00bfQUI\u00c9N ES EL RESPONSABLE DEL TRATAMIENTO DE SUS DATOS?<\/h3>\n<p style=\"font-weight: 400;\">El responsable del tratamiento de sus datos es:<\/p>\n<table>\n<tbody>\n<tr>\n<td style=\"text-align: left;\" width=\"198\"><strong>Identidad<\/strong><\/td>\n<td style=\"text-align: left;\" width=\"331\">GESTION DE SERVICIOS PARA LA SALUD Y SEGURIDAD EN CANARIAS S.A. &#8211; A35378066<\/td>\n<\/tr>\n<tr>\n<td style=\"text-align: left;\" width=\"198\"><strong>Direcci\u00f3n<\/strong><\/td>\n<td style=\"text-align: left;\" width=\"331\">Calle Real Del Castillo 152,\u00a05\u00aa Planta, Hospital Juan Carlos I, Ala Centro.\u00a035014 &#8211; Las Palmas de Gran Canaria<\/td>\n<\/tr>\n<tr>\n<td style=\"text-align: left;\" width=\"198\"><strong>Tel\u00e9fono<\/strong><\/td>\n<td style=\"text-align: left;\" width=\"331\">922498600<\/td>\n<\/tr>\n<tr>\n<td style=\"text-align: left;\" width=\"198\"><strong>Web<\/strong><\/td>\n<td style=\"text-align: left;\" width=\"331\"><a href=\"http:\/\/www.gsccanarias.com\/\">www.gsccanarias.com<\/a><\/td>\n<\/tr>\n<tr>\n<td style=\"text-align: left;\" width=\"198\"><strong>Correo-e<\/strong><\/td>\n<td width=\"331\"><u>gscprotecciondedatos@gsccanarias.com<\/u><\/td>\n<\/tr>\n<tr>\n<td style=\"text-align: left;\" width=\"198\"><strong>Contacto DPD<\/strong><\/td>\n<td style=\"text-align: left;\" width=\"331\"><a href=\"mailto:gscdpo@gsccanarias.com\">gscdpo@gsccanarias.com<\/a><\/td>\n<\/tr>\n<\/tbody>\n<\/table>\n<p style=\"font-weight: 400;\"><strong>\u00a0<\/strong><\/p>\n<p style=\"font-weight: 400;\">GSC informa al usuario que los datos que nos facilite a trav\u00e9s de la navegaci\u00f3n por nuestra web, los distintos formularios o en el env\u00edo de correos electr\u00f3nicos, van a ser tratados por GSC y que dicho tratamiento se encuentra recogido en el Registro de Actividades de tratamiento gestionado por GSC conforme a lo establecido en el RGPD.<\/p>\n<p>&nbsp;<\/p>\n<h3>2.\u00a0\u00a0\u00bfPARA QU\u00c9 SE UTILIZAN SUS DATOS PERSONALES?<\/h3>\n<p style=\"font-weight: 400;\">En\u00a0\u00a0cuando el usuario acepta nuestra pol\u00edtica de privacidad nos autoriza a utilizar y tratar los datos personales suministrados para:<\/p>\n<ul>\n<li style=\"font-weight: 400;\">Remitirle la informaci\u00f3n y prestarle el servicio que soliciten mediante los diversos formularios disponibles en nuestra web o mediante correo-e.<\/li>\n<li style=\"font-weight: 400;\">Remitirle informaci\u00f3n que solicite de actividades y eventos de GSC y del sector de que pudieran ser de su inter\u00e9s por medios convencionales o electr\u00f3nicos cuando haya marcado la casilla de que desea recibir informaci\u00f3n.<\/li>\n<li style=\"font-weight: 400;\">Gestionar los usuarios de nuestra web<\/li>\n<li style=\"font-weight: 400;\">Ocasionalmente, GSC podr\u00e1 utilizar sus datos de car\u00e1cter personal para enviarle notificaciones por medio de correo electr\u00f3nico. Dichas notificaciones se har\u00e1n para informar sobre las modificaciones en nuestros servicios o productos o en nuestras pol\u00edticas condiciones legales.<\/li>\n<\/ul>\n<p style=\"font-weight: 400;\">GSC tambi\u00e9n recoge informaci\u00f3n de los usuarios de la web no facilitada directamente por ellos mediante cookies y dispositivos DARD. Los datos recogidos a trav\u00e9s de las cookies y otros dispositivos ser\u00e1n utilizados para estudios estad\u00edsticos y an\u00e1lisis de perfiles con la finalidad de prestar un mejor servicio a trav\u00e9s de nuestra web, para lo que se utilizar\u00e1 la aplicaci\u00f3n GOOGLE ANALYTICS, que es una\u00a0herramienta de Google para ayudar a analizar a los propietarios de los sitios web el modo en que sus visitantes interact\u00faan con sus propiedades.\u00a0Puede obtener m\u00e1s informaci\u00f3n de su pol\u00edtica de privacidad en\u00a0<a href=\"https:\/\/www.google.es\/intl\/es_ALL\/analytics\/learn\/privacy.html\">https:\/\/www.google.es\/intl\/es_ALL\/analytics\/learn\/privacy.html<\/a><\/p>\n<p style=\"font-weight: 400;\">Google, incluidas todas sus herramientas, cumplen con el marco EU-US Privacy Shield Framework, de conformidad con lo establecido por el Departamento de Comercio de los Estados Unidos en lo que respecta a la recogida, utilizaci\u00f3n y conservaci\u00f3n de la informaci\u00f3n personal de pa\u00edses miembros de la Uni\u00f3n Europea.<\/p>\n<p style=\"font-weight: 400;\">GSC\u00a0procurar\u00e1 en todo momento establecer mecanismos adecuados para obtener el consentimiento del Usuario para la instalaci\u00f3n de cookies que lo requieran. Cuando un usuario accede a nuestra web aparece un pop-up en el que se informa de la existencia de cookies y de que si contin\u00faa navegando por nuestra p\u00e1gina presta su consentimiento para la instalaci\u00f3n de cookies. La aceptaci\u00f3n de la instalaci\u00f3n de las cookies conlleva la aceptaci\u00f3n de la conservaci\u00f3n de la direcci\u00f3n IP en los registros de , junto con la fecha de aceptaci\u00f3n, por el plazo de un a\u00f1o, con la finalidad de demostrar el consentimiento prestado.\u00a0\u00a0Puede obtener m\u00e1s informaci\u00f3n en nuestra\u00a0\u201cPol\u00edtica de Cookies\u201d.<\/p>\n<p>&nbsp;<\/p>\n<h3>3.\u00a0\u00a0\u00bfCUAL ES LA LEGITIMACI\u00d3N PARA EL TRATAMIENTO DE SUS DATOS?<\/h3>\n<p style=\"font-weight: 400;\">La legitimaci\u00f3n para el tratamiento de sus datos por parte de GSC se basa en:<\/p>\n<ul>\n<li style=\"font-weight: 400;\">En la\u00a0<strong>ejecuci\u00f3n de un precontrato\/contrato<\/strong>\u00a0para remitirle la informaci\u00f3n y prestarle el servicio solicitado, no siendo posible su realizaci\u00f3n en caso contrario.<\/li>\n<li style=\"font-weight: 400;\">En el\u00a0<strong>consentimiento del usuario<\/strong>\u00a0para el env\u00edo de informaci\u00f3n de actividades y eventos de GSC y del sector de que pudieran ser de su inter\u00e9s. El usuario puede revocar en cualquier momento el consentimiento prestado.<\/li>\n<\/ul>\n<p>&nbsp;<\/p>\n<h3>4.\u00a0\u00a0\u00bfPOR CU\u00c1NTO TIEMPO CONSERVAMOS SUS DATOS?<\/h3>\n<p style=\"font-weight: 400;\">Los datos para remitirle la informaci\u00f3n o prestarle el servicio que soliciten mediante los ser\u00e1n conservados durante el tiempo que la relaci\u00f3n contractual se encuentre vigente, y una vez finalizada durante el plazo de prescripci\u00f3n legales.<\/p>\n<p style=\"font-weight: 400;\">Los datos tratados para el env\u00edo de informaci\u00f3n de actividades y eventos de GSC y del sector de que pudieran ser de su inter\u00e9s\u00a0ser\u00e1n conservados en tanto en cuanto el usuario no revoque el\u00a0\u00a0consentimiento prestado.<\/p>\n<p style=\"font-weight: 400;\">La direcci\u00f3n IP obtenida a trav\u00e9s de las cookies tendr\u00e1 un plazo de conservaci\u00f3n de un a\u00f1o, con la finalidad de demostrar el consentimiento del usuario.<\/p>\n<p style=\"font-weight: 400;\">En cuanto al plazo de conservaci\u00f3n de las cookies, puede obtener m\u00e1s informaci\u00f3n en nuestra web en el apartado \u201cPol\u00edtica de cookies\u201d<\/p>\n<p>&nbsp;<\/p>\n<h3>5.\u00a0\u00a0\u00bfQU\u00c9 TIPO DE DATOS TRATAMOS DE NUESTROS USUARIOS?<\/h3>\n<p style=\"font-weight: 400;\">GSC trata las siguientes categor\u00edas de datos:<\/p>\n<ol>\n<li style=\"font-weight: 400;\"><strong>a)<\/strong><strong>Datos de los usuarios que rellenan cualquiera de los formularios disponibles:\u00a0<\/strong>Los datos personales que GSC solicita incluyen:<\/li>\n<\/ol>\n<ul>\n<li style=\"font-weight: 400;\"><strong>Datos identificativos:\u00a0<\/strong>nombre y apellidos, tel\u00e9fono, direcci\u00f3n postal y electr\u00f3nica<\/li>\n<li style=\"font-weight: 400;\"><strong>Datos relativos a la solicitud<\/strong><\/li>\n<\/ul>\n<ol>\n<li style=\"font-weight: 400;\"><strong>b)<\/strong><strong>Datos de los usuarios que \/ quieren recibir informaci\u00f3n comunicaciones comerciales e informaci\u00f3n:<\/strong><\/li>\n<\/ol>\n<ul>\n<li style=\"font-weight: 400;\"><strong>Datos identificativos:\u00a0<\/strong>Nombre y apellidos, direcci\u00f3n electr\u00f3nica.<\/li>\n<\/ul>\n<ol>\n<li style=\"font-weight: 400;\"><strong>c)<\/strong><strong>Datos de los usuarios que se registran en nuestra plataforma:<\/strong><\/li>\n<\/ol>\n<ul>\n<li style=\"font-weight: 400;\"><strong>Datos identificativos: Nombre de usuario,\u00a0<\/strong>Nombre y apellidos, direcci\u00f3n postal y electr\u00f3nica, tel\u00e9fono.<\/li>\n<\/ul>\n<ol>\n<li style=\"font-weight: 400;\"><strong>d)<\/strong><strong>Datos de los usuarios que navegan por nuestra web: Datos proporcionados por las cookies y por Google\u00a0Analytics.<\/strong><\/li>\n<\/ol>\n<p style=\"font-weight: 400;\"><strong>S\u00f3lo los mayores de 16 a\u00f1os<\/strong>\u00a0pueden facilitar datos a trav\u00e9s de nuestra web. Si eres menor de esta edad deber\u00e1s contar con el consentimiento de tus padres o tutores legales.<\/p>\n<p style=\"font-weight: 400;\">El Usuario garantiza la autenticidad y actualidad de todos aquellos datos que comunique a GSC\u00a0y declara que es mayor de 16 a\u00f1os,\u00a0y ser\u00e1 el \u00fanico responsable de las manifestaciones falsas o inexactas que realice.<\/p>\n<p style=\"font-weight: 400;\">Los datos de car\u00e1cter personal tratados por\u00a0GSC\u00a0pueden ser obligatorios o voluntarios.<\/p>\n<p style=\"font-weight: 400;\">La informaci\u00f3n voluntaria es aquella que el usuario no est\u00e1 obligado a facilitar para contactar con nosotros.<\/p>\n<p style=\"font-weight: 400;\">Los campos marcados con un asterisco (*) o con la palabra (requerido) en nuestros formularios son de cumplimentaci\u00f3n obligatoria, la negativa a suministrarlos supondr\u00e1 la imposibilidad de prestarle el servicio o atender su solicitud.<\/p>\n<p style=\"font-weight: 400;\">En el caso que nos facilites datos de terceros, manifiestas contar con el consentimiento de\u00a0los mismos\u00a0y te comprometes a trasladarle la informaci\u00f3n que te facilitamos en esta cl\u00e1usula, eximiendo a GSC de cualquier tipo de obligaci\u00f3n. No obstante GSC\u00a0podr\u00e1 llevar a cabo verificaciones para constatar que el tercero ha sido informado adoptando las medidas de diligencia establecidas en la normativa de protecci\u00f3n de datos.<\/p>\n<h2><\/h2>\n<h3>6.\u00a0\u00a0\u00bfA QU\u00c9 DESTINATARIOS SE COMUNICAR\u00c1N SUS DATOS?<\/h3>\n<p style=\"font-weight: 400;\">No se ceder\u00e1n datos a terceros salvo obligaci\u00f3n legal o en el supuesto que sea necesario para atender su solicitud.<\/p>\n<p>&nbsp;<\/p>\n<h3>7.\u00a0\u00a0\u00bfQU\u00c9 DERECHOS LE ASISTEN Y C\u00d3MO PUEDE EJERCITARLOS?<\/h3>\n<p style=\"font-weight: 400;\">El usuario puede ejercer los\u00a0siguiente derechos\u00a0ante\u00a0GSC:<\/p>\n<ol>\n<li style=\"font-weight: 400;\"><strong>a)<\/strong>Acceder a sus datos personales<\/li>\n<li style=\"font-weight: 400;\"><strong>b)<\/strong>Rectificarlos cuando son inexactos o incompletos<\/li>\n<li style=\"font-weight: 400;\"><strong>c)<\/strong>Solicitar la supresi\u00f3n o cancelaci\u00f3n de los datos cuando, entre otros motivos hayan dejado de ser necesarios para los fines para los que fueron recogidos<\/li>\n<li style=\"font-weight: 400;\"><strong>d)<\/strong>Oponerse a su tratamiento<\/li>\n<li style=\"font-weight: 400;\"><strong>e)<\/strong>Pedir la limitaci\u00f3n del tratamiento de sus datos cuando se den alguna de las condiciones previstas en la normativa<\/li>\n<li style=\"font-weight: 400;\"><strong>f)<\/strong>Solicitar la portabilidad de sus datos en los casos previstos en la normativa<\/li>\n<li style=\"font-weight: 400;\"><strong>g)<\/strong>Impedir ser objeto de decisiones automatizadas<\/li>\n<li style=\"font-weight: 400;\"><strong>h)<\/strong>Revocar los consentimientos otorgados<\/li>\n<\/ol>\n<p style=\"font-weight: 400;\">El usuario para ejercer sus derechos, deber\u00e1 enviar un escrito en el que indique el derecho que desea ejercitar y acompa\u00f1ar documento acreditativo de su identidad y direcci\u00f3n postal o electr\u00f3nica a efectos de notificaci\u00f3n. Esta solicitud puede realizarla, bien mediante correo postal a:\u00a0GESTION DE SERVICIOS PARA LA SALUD Y SEGURIDAD EN CANARIAS S.A. Calle Real Del Castillo 152, 5\u00aa planta, Hospital Juan Carlos I, ala centro, 35014 &#8211; Las Palmas De Gran Canaria, o bien en la siguiente direcci\u00f3n de correo-e: gscprotecciondedatos@gsccanarias.com.<\/p>\n<p style=\"font-weight: 400;\">GSC\u00a0deber\u00e1 contestar la solicitud del ejercicio de derechos en el\u00a0<strong>plazo de un mes<\/strong>\u00a0a partir de la recepci\u00f3n de la solicitud. Dicho plazo podr\u00e1 prorrogarse otros dos meses en caso necesario, teniendo en cuenta la complejidad y el n\u00famero de solicitudes.\u00a0\u00a0Le informaremos de cualquier pr\u00f3rroga en el plazo de un mes a partir de la recepci\u00f3n de la solicitud indicando los motivos de la dilaci\u00f3n.<\/p>\n<p style=\"font-weight: 400;\">Asimismo, los interesados tienen derecho a reclamar ante la Autoridad de Control competente (Agencia Espa\u00f1ola de Protecci\u00f3n de Datos) cuando consideren que\u00a0GSC\u00a0ha vulnerado los derechos que la normativa de protecci\u00f3n de datos les reconoce en\u00a0<a href=\"http:\/\/www.aepd.es\/\">www.aepd.es<\/a><\/p>\n<p style=\"font-weight: 400;\"><strong>\u00a0<\/strong><\/p>\n<h3>8.\u00a0\u00a0\u00bfEST\u00c1N SEGUROS MIS DATOS?<\/h3>\n<p style=\"font-weight: 400;\">GSC\u00a0tiene vigente un contrato con la empresa de Hosting \u00ab<strong><a href=\"https:\/\/www.acens.com\/\">ACENS<\/a><\/strong>\u00bb\u00a0para el alojamiento de su p\u00e1gina web. Es una empresa europea y dispone de los \u00faltimos sistemas en medidas de seguridad.<\/p>\n<p style=\"font-weight: 400;\">GSC\u00a0garantiza la adopci\u00f3n de las medidas oportunas para asegurar el tratamiento confidencial de sus datos habida cuenta del car\u00e1cter reservado de los mismos.<\/p>\n<p style=\"font-weight: 400;\">GSC\u00a0se compromete a que dichos datos permanezcan secretos, trat\u00e1ndolos con la m\u00e1xima reserva, y declara tener implantadas en su sistema de informaci\u00f3n, las pol\u00edticas de seguridad correspondientes al tipo de datos manejados conforme a lo dispuesto en el\u00a0\u00a0REGLAMENTO (UE) 2016\/679 DEL PARLAMENTO EUROPEO Y DEL CONSEJO de 27 de abril de 2016 relativo a la protecci\u00f3n de las personas f\u00edsicas en lo que respecta al tratamiento de datos personales y a la libre circulaci\u00f3n de estos datos (RGPD).<\/p>\n<h2><\/h2>\n<h3>9.\u00a0\u00a0\u00bfNECESITA UNA CUENTA Y\/O CONTRASE\u00d1A?<\/h3>\n<p style=\"font-weight: 400;\">El usuario registrado en nuestra web tiene un usuario y una contrase\u00f1a. Es responsabilidad del usuario mantener la confidencialidad de la informaci\u00f3n de la cuenta, incluyendo la contrase\u00f1a, as\u00ed como todas y cada una de las actividades que en ella sucedan.<\/p>\n<p style=\"font-weight: 400;\">El usuario tiene la obligaci\u00f3n de informar a\u00a0GSC\u00a0de forma inmediata en caso de que se haga un uso ileg\u00edtimo de su cuenta o contrase\u00f1a, o si ocurriera cualquier problema relativo a la seguridad, mediante el env\u00edo de un correo electr\u00f3nico a\u00a0gscprotecciondedatos@gsccanarias.com.<\/p>\n<p>&nbsp;<\/p>\n<h3>10.\u00a0\u00a0\u00a0ENLACES A OTROS SITIOS WEB<\/h3>\n<p style=\"font-weight: 400;\">Si opta por abandonar nuestro sitio Web a trav\u00e9s de enlaces a otros sitios Web no pertenecientes a nuestra entidad, GSC\u00a0no se har\u00e1 responsable de las pol\u00edticas de privacidad de dichos sitios Web ni de las cookies que estos puedan almacenar en el ordenador del usuario.<\/p>\n<p>[\/vc_column_text][\/vc_column][\/vc_row][vc_row css_animation=\u00bb\u00bb row_type=\u00bbrow\u00bb use_row_as_full_screen_section=\u00bbno\u00bb type=\u00bbfull_width\u00bb angled_section=\u00bbno\u00bb text_align=\u00bbleft\u00bb background_image_as_pattern=\u00bbwithout_pattern\u00bb][vc_column][vc_empty_space height=\u00bb100px\u00bb][\/vc_column][\/vc_row]<\/p>\n<div class=\"print\"><span class=\"page_title\">P\u00e1gina: <span>Pol\u00edtica de privacidad<\/span><\/span>\n\t\t\t\t\t\t\t\t\t\t\t<span class=\"stmp_trans_date\">\u00daltima actualizaci\u00f3n: <span>25\/07\/2022 - 10:57:28<\/span><\/span>\n\t\t\t\t\t\t\t\t\t\t\t<span class=\"stmp_trans_date\">Fecha publicaci\u00f3n: <span>15\/02\/2022 - 12:03:32<\/span><\/span>\n\t\t\t\t\t\t\t\t\t\t\t<span class=\"stmp_trans_date\">Fecha creaci\u00f3n: <span>15\/02\/2022 - 12:03:32<\/span><\/span><\/div>","protected":false},"excerpt":{"rendered":"<p>[vc_row css_animation=\u00bb\u00bb row_type=\u00bbrow\u00bb use_row_as_full_screen_section=\u00bbno\u00bb type=\u00bbfull_width\u00bb angled_section=\u00bbno\u00bb text_align=\u00bbleft\u00bb background_image_as_pattern=\u00bbwithout_pattern\u00bb][vc_column][vc_empty_space height=\u00bb100px\u00bb][\/vc_column][\/vc_row][vc_row css_animation=\u00bb\u00bb row_type=\u00bbrow\u00bb use_row_as_full_screen_section=\u00bbno\u00bb type=\u00bbfull_width\u00bb angled_section=\u00bbno\u00bb text_align=\u00bbleft\u00bb background_image_as_pattern=\u00bbwithout_pattern\u00bb][vc_column][vc_column_text] INFORMACI\u00d3N B\u00c1SICA DE PROTECCI\u00d3N DE DATOS &nbsp; Responsable GESTION DE SERVICIOS PARA LA SALUD Y SEGURIDAD EN CANARIAS S.A.\u00a0\u00a0+ info Finalidad Atender las solicitudes realizadas a trav\u00e9s de la&#8230;<\/p>\n","protected":false},"author":1,"featured_media":0,"parent":0,"menu_order":0,"comment_status":"closed","ping_status":"closed","template":"","meta":{"footnotes":""},"class_list":["post-183","page","type-page","status-publish","has-post-thumbnail","hentry"],"_links":{"self":[{"href":"https:\/\/www.succanarias.com\/suc\/wp-json\/wp\/v2\/pages\/183","targetHints":{"allow":["GET"]}}],"collection":[{"href":"https:\/\/www.succanarias.com\/suc\/wp-json\/wp\/v2\/pages"}],"about":[{"href":"https:\/\/www.succanarias.com\/suc\/wp-json\/wp\/v2\/types\/page"}],"author":[{"embeddable":true,"href":"https:\/\/www.succanarias.com\/suc\/wp-json\/wp\/v2\/users\/1"}],"replies":[{"embeddable":true,"href":"https:\/\/www.succanarias.com\/suc\/wp-json\/wp\/v2\/comments?post=183"}],"version-history":[{"count":8,"href":"https:\/\/www.succanarias.com\/suc\/wp-json\/wp\/v2\/pages\/183\/revisions"}],"predecessor-version":[{"id":3683,"href":"https:\/\/www.succanarias.com\/suc\/wp-json\/wp\/v2\/pages\/183\/revisions\/3683"}],"wp:attachment":[{"href":"https:\/\/www.succanarias.com\/suc\/wp-json\/wp\/v2\/media?parent=183"}],"curies":[{"name":"wp","href":"https:\/\/api.w.org\/{rel}","templated":true}]}}