{"id":23,"date":"2022-02-15T08:02:34","date_gmt":"2022-02-15T08:02:34","guid":{"rendered":"http:\/\/www.succanarias.com\/suc\/?page_id=23"},"modified":"2022-02-15T08:02:34","modified_gmt":"2022-02-15T08:02:34","slug":"transparencia","status":"publish","type":"page","link":"https:\/\/www.succanarias.com\/suc\/transparencia\/","title":{"rendered":"Transparencia"},"content":{"rendered":"<div class=\"print\"><span class=\"page_title\">P\u00e1gina: <span>Transparencia<\/span><\/span>\n\t\t\t\t\t\t\t\t\t\t\t<span class=\"stmp_trans_date\">\u00daltima actualizaci\u00f3n: <span>15\/02\/2022 - 08:02:34<\/span><\/span>\n\t\t\t\t\t\t\t\t\t\t\t<span class=\"stmp_trans_date\">Fecha publicaci\u00f3n: <span>15\/02\/2022 - 08:02:34<\/span><\/span>\n\t\t\t\t\t\t\t\t\t\t\t<span class=\"stmp_trans_date\">Fecha creaci\u00f3n: <span>15\/02\/2022 - 08:02:34<\/span><\/span><\/div>","protected":false},"excerpt":{"rendered":"<p>P\u00e1gina: Transparencia \u00daltima actualizaci\u00f3n: 15\/02\/2022 &#8211; 08:02:34 Fecha publicaci\u00f3n: 15\/02\/2022 &#8211; 08:02:34 Fecha creaci\u00f3n: 15\/02\/2022 &#8211; 08:02:34<\/p>\n","protected":false},"author":1,"featured_media":0,"parent":0,"menu_order":0,"comment_status":"closed","ping_status":"closed","template":"","meta":{"footnotes":""},"class_list":["post-23","page","type-page","status-publish","has-post-thumbnail","hentry"],"_links":{"self":[{"href":"https:\/\/www.succanarias.com\/suc\/wp-json\/wp\/v2\/pages\/23","targetHints":{"allow":["GET"]}}],"collection":[{"href":"https:\/\/www.succanarias.com\/suc\/wp-json\/wp\/v2\/pages"}],"about":[{"href":"https:\/\/www.succanarias.com\/suc\/wp-json\/wp\/v2\/types\/page"}],"author":[{"embeddable":true,"href":"https:\/\/www.succanarias.com\/suc\/wp-json\/wp\/v2\/users\/1"}],"replies":[{"embeddable":true,"href":"https:\/\/www.succanarias.com\/suc\/wp-json\/wp\/v2\/comments?post=23"}],"version-history":[{"count":1,"href":"https:\/\/www.succanarias.com\/suc\/wp-json\/wp\/v2\/pages\/23\/revisions"}],"predecessor-version":[{"id":24,"href":"https:\/\/www.succanarias.com\/suc\/wp-json\/wp\/v2\/pages\/23\/revisions\/24"}],"wp:attachment":[{"href":"https:\/\/www.succanarias.com\/suc\/wp-json\/wp\/v2\/media?parent=23"}],"curies":[{"name":"wp","href":"https:\/\/api.w.org\/{rel}","templated":true}]}}